{"id":18,"date":"2014-02-11T21:37:57","date_gmt":"2014-02-11T21:37:57","guid":{"rendered":"http:\/\/www.econiunctio.net\/?page_id=18"},"modified":"2026-03-26T18:12:53","modified_gmt":"2026-03-26T15:12:53","slug":"yhteystiedot","status":"publish","type":"page","link":"https:\/\/www.pkmehilaishoitajat.fi\/?page_id=18","title":{"rendered":"Yhteystiedot"},"content":{"rendered":"<p>Puheenjohtaja Emilia R\u00f6sch puh. 050 3089 400, rosch.emilia(at) gmail.com<\/p>\n<p>Sihteeri\u00a0 Pia Oinonen puh. 1500 159 955<\/p>\n<p>Johtokunnan varsinaiset j\u00e4senet 2026\u00a0<br \/>Emilia R\u00f6sch, puheenjohtaja<br \/>Piia Soininen<br \/>Anu H\u00e4iki\u00f6<br \/>Jarkko Saksa<br \/>Paula Puolakanaho<br \/>Jouni Kontkanen<br \/>Tapani Toivanen<br \/>Antti Timonen<br \/>Jussi Taipale<\/p>\n<div>\u00a0<\/div>\n<p>Alapuolella l\u00f6yd\u00e4t meid\u00e4t kuvissa, tervetuloa nyk\u00e4isem\u00e4\u00e4n hihasta tapahtumissa! \ud83d\ude42\u00a0<\/p>\n\n\n<div class=\"wp-block-group is-layout-flow\"><div class=\"wp-block-group__inner-container\">\n<div class=\"wp-block-columns is-layout-flex wp-container-5\">\n<div class=\"wp-block-column is-layout-flow\" style=\"flex-basis:100%\">\n<div class=\"wp-block-group is-layout-flow\"><div class=\"wp-block-group__inner-container\">\n<figure class=\"wp-block-gallery has-nested-images columns-default is-cropped wp-block-gallery-1 is-layout-flex\">\n<figure class=\"wp-block-image size-large\"><img decoding=\"async\" loading=\"lazy\" width=\"768\" height=\"1024\" src=\"https:\/\/www.pkmehilaishoitajat.fi\/wp-content\/uploads\/Emilia-768x1024.jpg\" alt=\"\" class=\"wp-image-282\" srcset=\"https:\/\/www.pkmehilaishoitajat.fi\/wp-content\/uploads\/Emilia-768x1024.jpg 768w, https:\/\/www.pkmehilaishoitajat.fi\/wp-content\/uploads\/Emilia-225x300.jpg 225w, https:\/\/www.pkmehilaishoitajat.fi\/wp-content\/uploads\/Emilia-1152x1536.jpg 1152w, https:\/\/www.pkmehilaishoitajat.fi\/wp-content\/uploads\/Emilia-1536x2048.jpg 1536w, https:\/\/www.pkmehilaishoitajat.fi\/wp-content\/uploads\/Emilia-624x832.jpg 624w, https:\/\/www.pkmehilaishoitajat.fi\/wp-content\/uploads\/Emilia-scaled.jpg 1920w\" sizes=\"(max-width: 768px) 100vw, 768px\" \/><figcaption class=\"wp-element-caption\">Emilia<\/figcaption><\/figure>\n\n\n\n<figure class=\"wp-block-image size-large\"><img decoding=\"async\" loading=\"lazy\" width=\"768\" height=\"1024\" src=\"https:\/\/www.pkmehilaishoitajat.fi\/wp-content\/uploads\/Piia-1-768x1024.jpg\" alt=\"\" class=\"wp-image-284\" srcset=\"https:\/\/www.pkmehilaishoitajat.fi\/wp-content\/uploads\/Piia-1-768x1024.jpg 768w, https:\/\/www.pkmehilaishoitajat.fi\/wp-content\/uploads\/Piia-1-225x300.jpg 225w, https:\/\/www.pkmehilaishoitajat.fi\/wp-content\/uploads\/Piia-1-1152x1536.jpg 1152w, https:\/\/www.pkmehilaishoitajat.fi\/wp-content\/uploads\/Piia-1-1536x2048.jpg 1536w, https:\/\/www.pkmehilaishoitajat.fi\/wp-content\/uploads\/Piia-1-624x832.jpg 624w, https:\/\/www.pkmehilaishoitajat.fi\/wp-content\/uploads\/Piia-1-scaled.jpg 1920w\" sizes=\"(max-width: 768px) 100vw, 768px\" \/><figcaption class=\"wp-element-caption\">Piia<\/figcaption><\/figure>\n\n\n\n<figure class=\"wp-block-image size-large\"><img decoding=\"async\" loading=\"lazy\" width=\"768\" height=\"1024\" src=\"https:\/\/www.pkmehilaishoitajat.fi\/wp-content\/uploads\/20210108_114335-768x1024.jpg\" alt=\"\" class=\"wp-image-285\" srcset=\"https:\/\/www.pkmehilaishoitajat.fi\/wp-content\/uploads\/20210108_114335-768x1024.jpg 768w, https:\/\/www.pkmehilaishoitajat.fi\/wp-content\/uploads\/20210108_114335-225x300.jpg 225w, https:\/\/www.pkmehilaishoitajat.fi\/wp-content\/uploads\/20210108_114335-1152x1536.jpg 1152w, https:\/\/www.pkmehilaishoitajat.fi\/wp-content\/uploads\/20210108_114335-1536x2048.jpg 1536w, https:\/\/www.pkmehilaishoitajat.fi\/wp-content\/uploads\/20210108_114335-624x832.jpg 624w, https:\/\/www.pkmehilaishoitajat.fi\/wp-content\/uploads\/20210108_114335-scaled.jpg 1920w\" sizes=\"(max-width: 768px) 100vw, 768px\" \/><figcaption class=\"wp-element-caption\">Paula<\/figcaption><\/figure>\n<\/figure>\n<\/div><\/div>\n<\/div>\n<\/div>\n<\/div><\/div>\n","protected":false},"excerpt":{"rendered":"<p>Puheenjohtaja Emilia R\u00f6sch puh. 050 3089 400, rosch.emilia(at) gmail.com Sihteeri\u00a0 Pia Oinonen puh. 1500 159 955 Johtokunnan varsinaiset j\u00e4senet 2026\u00a0Emilia R\u00f6sch, puheenjohtajaPiia SoininenAnu H\u00e4iki\u00f6Jarkko SaksaPaula PuolakanahoJouni KontkanenTapani ToivanenAntti TimonenJussi Taipale \u00a0 Alapuolella l\u00f6yd\u00e4t meid\u00e4t kuvissa, tervetuloa nyk\u00e4isem\u00e4\u00e4n hihasta tapahtumissa! \ud83d\ude42\u00a0<\/p>\n","protected":false},"author":1,"featured_media":0,"parent":0,"menu_order":0,"comment_status":"closed","ping_status":"open","template":"","meta":[],"_links":{"self":[{"href":"https:\/\/www.pkmehilaishoitajat.fi\/index.php?rest_route=\/wp\/v2\/pages\/18"}],"collection":[{"href":"https:\/\/www.pkmehilaishoitajat.fi\/index.php?rest_route=\/wp\/v2\/pages"}],"about":[{"href":"https:\/\/www.pkmehilaishoitajat.fi\/index.php?rest_route=\/wp\/v2\/types\/page"}],"author":[{"embeddable":true,"href":"https:\/\/www.pkmehilaishoitajat.fi\/index.php?rest_route=\/wp\/v2\/users\/1"}],"replies":[{"embeddable":true,"href":"https:\/\/www.pkmehilaishoitajat.fi\/index.php?rest_route=%2Fwp%2Fv2%2Fcomments&post=18"}],"version-history":[{"count":20,"href":"https:\/\/www.pkmehilaishoitajat.fi\/index.php?rest_route=\/wp\/v2\/pages\/18\/revisions"}],"predecessor-version":[{"id":465,"href":"https:\/\/www.pkmehilaishoitajat.fi\/index.php?rest_route=\/wp\/v2\/pages\/18\/revisions\/465"}],"wp:attachment":[{"href":"https:\/\/www.pkmehilaishoitajat.fi\/index.php?rest_route=%2Fwp%2Fv2%2Fmedia&parent=18"}],"curies":[{"name":"wp","href":"https:\/\/api.w.org\/{rel}","templated":true}]}}