{"id":36,"date":"2014-02-11T22:07:47","date_gmt":"2014-02-11T22:07:47","guid":{"rendered":"http:\/\/www.econiunctio.net\/?page_id=36"},"modified":"2021-03-01T19:59:14","modified_gmt":"2021-03-01T16:59:14","slug":"yhdistys","status":"publish","type":"page","link":"https:\/\/www.pkmehilaishoitajat.fi\/","title":{"rendered":"Yhdistys"},"content":{"rendered":"<h1>Tervetuloa yhdistyksemme sivuille<\/h1>\n<h1><a href=\"http:\/\/www.pkmehilaishoitajat.fi\/wp-content\/uploads\/2014\/02\/hunaja1.jpg\"><img decoding=\"async\" loading=\"lazy\" class=\"wp-image-37 alignright\" src=\"http:\/\/www.pkmehilaishoitajat.fi\/wp-content\/uploads\/2014\/02\/hunaja1-300x239.jpg\" alt=\"hunaja1\" width=\"300\" height=\"239\" srcset=\"https:\/\/www.pkmehilaishoitajat.fi\/wp-content\/uploads\/2014\/02\/hunaja1-300x239.jpg 300w, https:\/\/www.pkmehilaishoitajat.fi\/wp-content\/uploads\/2014\/02\/hunaja1.jpg 601w\" sizes=\"(max-width: 300px) 100vw, 300px\" \/><\/a><\/h1>\n<p>Pohjois-Karjalan mehil\u00e4ishoitajat tuottavat kotimaista hunajaa Pohjois-Karjalassa.<\/p>\n<p>Mehil\u00e4iset ker\u00e4\u00e4v\u00e4t mett\u00e4 ja muuttavat sen hunajaksi. Pohjoiskarjalainen hunaja on miedon makuista. Merkitt\u00e4vi\u00e4 hunajan satokasveja Pohjois-Karjalassa ovat voikukka, vadelma, apila, maitohorsma ja mets\u00e4marjojen kukat.<\/p>\n<p>Mehil\u00e4iset huolehtivat luonnon monimuotoisuudesta p\u00f6lytt\u00e4m\u00e4ll\u00e4 kasveja, jolloin kasvien siementuotanto lis\u00e4\u00e4ntyy. Onnistunut p\u00f6lytys lis\u00e4\u00e4 my\u00f6s marja- ja hedelm\u00e4satojen m\u00e4\u00e4r\u00e4\u00e4 ja laatua.<\/p>\n<p>Pohjoiskarjalainen hunaja myyd\u00e4\u00e4n mehil\u00e4ishoitajien yhteisesti k\u00e4ytt\u00e4m\u00e4ss\u00e4 hunajapurkissa, joka on voittanut &#8221;Suomen kaunein hunajat\u00f6lkki&#8221;-tittelin vuonna 2013.<\/p>\n<p>Pohjois-Karjalan mehil\u00e4ishoitajien j\u00e4seneksi voit ilmoittautua Suomen Mehil\u00e4ishoitajain Liiton kautta (SML). J\u00e4senyyshakemuksen voi tehd\u00e4 SML:n sivuilla https:\/\/www.mehilaishoitajat.fi\/mehilaishoitajille. J\u00e4sentietojen muutokset ( mm. osoitemuutokset) tehd\u00e4\u00e4n Suomen Mehil\u00e4ishoitajain Liittoon joko SML:n sivujen kautta tai ottamalla liiton henkil\u00f6kuntaan yhteytt\u00e4. J\u00e4seneduista ja toiminnasta saat tietoa n\u00e4iden sivujen lis\u00e4ksi SML:n sivuilta ja yhdistyksemme johtokunnalta. Tervetuloa mukaan yhdistykseen!<\/p>\n","protected":false},"excerpt":{"rendered":"<p>Tervetuloa yhdistyksemme sivuille Pohjois-Karjalan mehil\u00e4ishoitajat tuottavat kotimaista hunajaa Pohjois-Karjalassa. Mehil\u00e4iset ker\u00e4\u00e4v\u00e4t mett\u00e4 ja muuttavat sen hunajaksi. Pohjoiskarjalainen hunaja on miedon makuista. Merkitt\u00e4vi\u00e4 hunajan satokasveja Pohjois-Karjalassa ovat voikukka, vadelma, apila, maitohorsma ja mets\u00e4marjojen kukat. Mehil\u00e4iset huolehtivat luonnon monimuotoisuudesta p\u00f6lytt\u00e4m\u00e4ll\u00e4 kasveja, jolloin kasvien siementuotanto lis\u00e4\u00e4ntyy. Onnistunut p\u00f6lytys lis\u00e4\u00e4 my\u00f6s marja- ja hedelm\u00e4satojen m\u00e4\u00e4r\u00e4\u00e4 ja laatua. Pohjoiskarjalainen hunaja [&hellip;]<\/p>\n","protected":false},"author":1,"featured_media":0,"parent":0,"menu_order":0,"comment_status":"closed","ping_status":"open","template":"","meta":[],"_links":{"self":[{"href":"https:\/\/www.pkmehilaishoitajat.fi\/index.php?rest_route=\/wp\/v2\/pages\/36"}],"collection":[{"href":"https:\/\/www.pkmehilaishoitajat.fi\/index.php?rest_route=\/wp\/v2\/pages"}],"about":[{"href":"https:\/\/www.pkmehilaishoitajat.fi\/index.php?rest_route=\/wp\/v2\/types\/page"}],"author":[{"embeddable":true,"href":"https:\/\/www.pkmehilaishoitajat.fi\/index.php?rest_route=\/wp\/v2\/users\/1"}],"replies":[{"embeddable":true,"href":"https:\/\/www.pkmehilaishoitajat.fi\/index.php?rest_route=%2Fwp%2Fv2%2Fcomments&post=36"}],"version-history":[{"count":6,"href":"https:\/\/www.pkmehilaishoitajat.fi\/index.php?rest_route=\/wp\/v2\/pages\/36\/revisions"}],"predecessor-version":[{"id":211,"href":"https:\/\/www.pkmehilaishoitajat.fi\/index.php?rest_route=\/wp\/v2\/pages\/36\/revisions\/211"}],"wp:attachment":[{"href":"https:\/\/www.pkmehilaishoitajat.fi\/index.php?rest_route=%2Fwp%2Fv2%2Fmedia&parent=36"}],"curies":[{"name":"wp","href":"https:\/\/api.w.org\/{rel}","templated":true}]}}